{"id":9,"date":"2020-03-25T09:50:08","date_gmt":"2020-03-25T09:50:08","guid":{"rendered":"http:\/\/heldrich-bauer.de\/?page_id=9"},"modified":"2021-04-21T19:16:47","modified_gmt":"2021-04-21T19:16:47","slug":"was-ist-yoga","status":"publish","type":"page","link":"https:\/\/heldrich-bauer.de\/?page_id=9","title":{"rendered":"Was ist Yoga"},"content":{"rendered":"\n<div class=\"wp-block-image\"><figure class=\"alignleft\"><img loading=\"lazy\" decoding=\"async\" width=\"280\" height=\"206\" src=\"http:\/\/heldrich-bauer.de\/wp-content\/uploads\/2020\/03\/yoga_wasist.jpg\" alt=\"\" class=\"wp-image-29\"\/><\/figure><\/div>\n\n\n\n<p><strong>Ursprung:<\/strong><\/p>\n\n\n\n<p>YOGA ist urspr\u00fcnglich in Indien entstanden und hat sich besonders im 20. Jh. auch im Westen verbreitet und weiterentwickelt. Yoga ist der Oberbegriff einer ganzen Reihe von \u00dcbungs- und Meditationstechniken.<br>Es ist eine der \u00e4ltesten Wissenschaften, die sich mit dem Menschen in seiner Gesamtheit besch\u00e4ftigt.<br>Yoga ist eine seit Jahrtausenden praktizierte Methode, K\u00f6rper und Geist gleicherma\u00dfen zu entwickeln.<br>Der Yoga ist weder Sport noch Religion, sondern ein k\u00f6rperliches und geistiges Training. <br>Aufgrund seines systematischen und ganzheitlichen Ansatzes und seiner \u00fcberzeugenden Wirkung findet Yoga heute Anh\u00e4ngerinnen in allen Gesellschaftsschichten<\/p>\n\n\n\n<p><strong>Wirkungen<\/strong><\/p>\n\n\n\n<p>Yoga bewirkt auf k\u00f6rperlicher Ebene Kr\u00e4ftigung und Dehnung, Gleichgewicht,<br>Koordination, Aktivierung, Belebung und Entspannung. <\/p>\n\n\n\n<p>Richtig ausgef\u00fchrt<br>kann Yoga Haltungssch\u00e4den lindern und Heilungsprozesse unterst\u00fctzen.<br>Auf seelisch-geistiger Ebene kann sich Ausgeglichenheit und Wohlbefinden,<br>innere Ruhe, Konzentration und Lebensfreude einstellen. Yoga ist somit ein<br>ideales Mittel gegen Stress.<\/p>\n\n\n\n<p>Durch Yoga passiert eine Aufrichtung des ganzen Menschen die es erm\u00f6glich in der Meditation mit geradem R\u00fccken \u00fcber l\u00e4ngere Zeit zu verweilen.<\/p>\n\n\n\n<p><strong>F\u00fcr wen ist Yoga geeignet?&nbsp;<\/strong><br>F\u00fcr alle ohne schwerwiegende K\u00f6rperlichen Erkrankungen.<\/p>\n\n\n\n<p><strong>Yoga in der Tradition von BKS Iyengar :<\/strong><\/p>\n\n\n\n<p>Wesentliche\nMerkmale :<\/p>\n\n\n\n<div class=\"wp-block-group\"><div class=\"wp-block-group__inner-container is-layout-flow wp-block-group-is-layout-flow\">\n<ul class=\"wp-block-list\"><li>Pr\u00e4zise Ausrichtung = Technik\/Alignment:<br>      Die Haltungen werden physiologisch und anatomisch korrekt ausgef\u00fchrt<\/li><li>Individuelle Korrektur:<br>      Die allgemeinen Ansagen werden durch individuell ausgerichtete Korrekturen erg\u00e4nzt.<\/li><li>durchdachte \u00dcbungsabfolge = Sequencing:<br>      Je nach Zielsetzung (z.B. schrittweiser Aufbau zu einem Hauptasana) werden die Asanas in bestimmter Art und Weise aneinandergereiht.<\/li><li>Einsatz von Yoga-Props = Hilfsmittel (z. B. Block, Gurt u. a.):<br>      Der Hilfsmitteleinsatz erlaubt auch weniger Ge\u00fcbten, die \u201eEssenz\u201c einer Haltung zu erfahren und verdeutlicht gewisse Aspekte einer Haltung.<\/li><li>Verweildauer im Asana:<br>      Um das Asana \u201eholistisch\u201c zu erleben,&nbsp;ist eine gewisse Verweildauer im Asana notwendig. Diese ist in erster Linie vom \u00dcbungsstand abh\u00e4ngig.<\/li><\/ul>\n\n\n\n<p><strong>allgemeine Auswirkungen einer regelm\u00e4\u00dfigen Yoga-\nPraxis :<\/strong><\/p>\n\n\n\n<ul class=\"wp-block-list\"><li>Gesunderhaltung des physischen K\u00f6rpers<\/li><li>F\u00f6rderung der emotionalen Stabilit\u00e4t<\/li><li>Steigerung der Vitalit\u00e4t<\/li><li>Erh\u00f6hung der Konzentrationsf\u00e4higkeit<\/li><li>Die Entspannungsf\u00e4higkeit<\/li><\/ul>\n<\/div><\/div>\n","protected":false},"excerpt":{"rendered":"<p>Ursprung: YOGA ist urspr\u00fcnglich in Indien entstanden und hat sich besonders im 20. Jh. auch im Westen verbreitet und [&hellip;]<\/p>\n","protected":false},"author":1,"featured_media":0,"parent":0,"menu_order":0,"comment_status":"closed","ping_status":"closed","template":"","meta":{"footnotes":""},"class_list":["post-9","page","type-page","status-publish","hentry"],"yoast_head":"<!-- This site is optimized with the Yoast SEO plugin v27.4 - https:\/\/yoast.com\/product\/yoast-seo-wordpress\/ -->\n<title>Was ist Yoga - Der Yogaraum<\/title>\n<meta name=\"robots\" content=\"index, follow, max-snippet:-1, max-image-preview:large, max-video-preview:-1\" \/>\n<link rel=\"canonical\" href=\"http:\/\/heldrich-bauer.de\/?page_id=9\" \/>\n<meta property=\"og:locale\" content=\"de_DE\" \/>\n<meta property=\"og:type\" content=\"article\" \/>\n<meta property=\"og:title\" content=\"Was ist Yoga - Der Yogaraum\" \/>\n<meta property=\"og:description\" content=\"Ursprung: YOGA ist urspr\u00fcnglich in Indien entstanden und hat sich besonders im 20. Jh. auch im Westen verbreitet und [&hellip;]\" \/>\n<meta property=\"og:url\" content=\"http:\/\/heldrich-bauer.de\/?page_id=9\" \/>\n<meta property=\"og:site_name\" content=\"Der Yogaraum\" \/>\n<meta property=\"article:modified_time\" content=\"2021-04-21T19:16:47+00:00\" \/>\n<meta property=\"og:image\" content=\"http:\/\/heldrich-bauer.de\/wp-content\/uploads\/2020\/03\/yoga_wasist.jpg\" \/>\n<meta name=\"twitter:card\" content=\"summary_large_image\" \/>\n<meta name=\"twitter:label1\" content=\"Gesch\u00e4tzte Lesezeit\" \/>\n\t<meta name=\"twitter:data1\" content=\"2\u00a0Minuten\" \/>\n<script type=\"application\/ld+json\" class=\"yoast-schema-graph\">{\"@context\":\"https:\\\/\\\/schema.org\",\"@graph\":[{\"@type\":\"WebPage\",\"@id\":\"http:\\\/\\\/heldrich-bauer.de\\\/?page_id=9\",\"url\":\"http:\\\/\\\/heldrich-bauer.de\\\/?page_id=9\",\"name\":\"Was ist Yoga - Der Yogaraum\",\"isPartOf\":{\"@id\":\"https:\\\/\\\/heldrich-bauer.de\\\/#website\"},\"primaryImageOfPage\":{\"@id\":\"http:\\\/\\\/heldrich-bauer.de\\\/?page_id=9#primaryimage\"},\"image\":{\"@id\":\"http:\\\/\\\/heldrich-bauer.de\\\/?page_id=9#primaryimage\"},\"thumbnailUrl\":\"http:\\\/\\\/heldrich-bauer.de\\\/wp-content\\\/uploads\\\/2020\\\/03\\\/yoga_wasist.jpg\",\"datePublished\":\"2020-03-25T09:50:08+00:00\",\"dateModified\":\"2021-04-21T19:16:47+00:00\",\"breadcrumb\":{\"@id\":\"http:\\\/\\\/heldrich-bauer.de\\\/?page_id=9#breadcrumb\"},\"inLanguage\":\"de\",\"potentialAction\":[{\"@type\":\"ReadAction\",\"target\":[\"http:\\\/\\\/heldrich-bauer.de\\\/?page_id=9\"]}]},{\"@type\":\"ImageObject\",\"inLanguage\":\"de\",\"@id\":\"http:\\\/\\\/heldrich-bauer.de\\\/?page_id=9#primaryimage\",\"url\":\"https:\\\/\\\/heldrich-bauer.de\\\/wp-content\\\/uploads\\\/2020\\\/03\\\/yoga_wasist.jpg\",\"contentUrl\":\"https:\\\/\\\/heldrich-bauer.de\\\/wp-content\\\/uploads\\\/2020\\\/03\\\/yoga_wasist.jpg\",\"width\":280,\"height\":206},{\"@type\":\"BreadcrumbList\",\"@id\":\"http:\\\/\\\/heldrich-bauer.de\\\/?page_id=9#breadcrumb\",\"itemListElement\":[{\"@type\":\"ListItem\",\"position\":1,\"name\":\"Startseite\",\"item\":\"https:\\\/\\\/heldrich-bauer.de\\\/\"},{\"@type\":\"ListItem\",\"position\":2,\"name\":\"Was ist Yoga\"}]},{\"@type\":\"WebSite\",\"@id\":\"https:\\\/\\\/heldrich-bauer.de\\\/#website\",\"url\":\"https:\\\/\\\/heldrich-bauer.de\\\/\",\"name\":\"Der Yogaraum\",\"description\":\"Christa Heldrich-Bauer\",\"potentialAction\":[{\"@type\":\"SearchAction\",\"target\":{\"@type\":\"EntryPoint\",\"urlTemplate\":\"https:\\\/\\\/heldrich-bauer.de\\\/?s={search_term_string}\"},\"query-input\":{\"@type\":\"PropertyValueSpecification\",\"valueRequired\":true,\"valueName\":\"search_term_string\"}}],\"inLanguage\":\"de\"}]}<\/script>\n<!-- \/ Yoast SEO plugin. -->","yoast_head_json":{"title":"Was ist Yoga - Der Yogaraum","robots":{"index":"index","follow":"follow","max-snippet":"max-snippet:-1","max-image-preview":"max-image-preview:large","max-video-preview":"max-video-preview:-1"},"canonical":"http:\/\/heldrich-bauer.de\/?page_id=9","og_locale":"de_DE","og_type":"article","og_title":"Was ist Yoga - Der Yogaraum","og_description":"Ursprung: YOGA ist urspr\u00fcnglich in Indien entstanden und hat sich besonders im 20. Jh. auch im Westen verbreitet und [&hellip;]","og_url":"http:\/\/heldrich-bauer.de\/?page_id=9","og_site_name":"Der Yogaraum","article_modified_time":"2021-04-21T19:16:47+00:00","og_image":[{"url":"http:\/\/heldrich-bauer.de\/wp-content\/uploads\/2020\/03\/yoga_wasist.jpg","type":"","width":"","height":""}],"twitter_card":"summary_large_image","twitter_misc":{"Gesch\u00e4tzte Lesezeit":"2\u00a0Minuten"},"schema":{"@context":"https:\/\/schema.org","@graph":[{"@type":"WebPage","@id":"http:\/\/heldrich-bauer.de\/?page_id=9","url":"http:\/\/heldrich-bauer.de\/?page_id=9","name":"Was ist Yoga - Der Yogaraum","isPartOf":{"@id":"https:\/\/heldrich-bauer.de\/#website"},"primaryImageOfPage":{"@id":"http:\/\/heldrich-bauer.de\/?page_id=9#primaryimage"},"image":{"@id":"http:\/\/heldrich-bauer.de\/?page_id=9#primaryimage"},"thumbnailUrl":"http:\/\/heldrich-bauer.de\/wp-content\/uploads\/2020\/03\/yoga_wasist.jpg","datePublished":"2020-03-25T09:50:08+00:00","dateModified":"2021-04-21T19:16:47+00:00","breadcrumb":{"@id":"http:\/\/heldrich-bauer.de\/?page_id=9#breadcrumb"},"inLanguage":"de","potentialAction":[{"@type":"ReadAction","target":["http:\/\/heldrich-bauer.de\/?page_id=9"]}]},{"@type":"ImageObject","inLanguage":"de","@id":"http:\/\/heldrich-bauer.de\/?page_id=9#primaryimage","url":"https:\/\/heldrich-bauer.de\/wp-content\/uploads\/2020\/03\/yoga_wasist.jpg","contentUrl":"https:\/\/heldrich-bauer.de\/wp-content\/uploads\/2020\/03\/yoga_wasist.jpg","width":280,"height":206},{"@type":"BreadcrumbList","@id":"http:\/\/heldrich-bauer.de\/?page_id=9#breadcrumb","itemListElement":[{"@type":"ListItem","position":1,"name":"Startseite","item":"https:\/\/heldrich-bauer.de\/"},{"@type":"ListItem","position":2,"name":"Was ist Yoga"}]},{"@type":"WebSite","@id":"https:\/\/heldrich-bauer.de\/#website","url":"https:\/\/heldrich-bauer.de\/","name":"Der Yogaraum","description":"Christa Heldrich-Bauer","potentialAction":[{"@type":"SearchAction","target":{"@type":"EntryPoint","urlTemplate":"https:\/\/heldrich-bauer.de\/?s={search_term_string}"},"query-input":{"@type":"PropertyValueSpecification","valueRequired":true,"valueName":"search_term_string"}}],"inLanguage":"de"}]}},"_links":{"self":[{"href":"https:\/\/heldrich-bauer.de\/index.php?rest_route=\/wp\/v2\/pages\/9","targetHints":{"allow":["GET"]}}],"collection":[{"href":"https:\/\/heldrich-bauer.de\/index.php?rest_route=\/wp\/v2\/pages"}],"about":[{"href":"https:\/\/heldrich-bauer.de\/index.php?rest_route=\/wp\/v2\/types\/page"}],"author":[{"embeddable":true,"href":"https:\/\/heldrich-bauer.de\/index.php?rest_route=\/wp\/v2\/users\/1"}],"replies":[{"embeddable":true,"href":"https:\/\/heldrich-bauer.de\/index.php?rest_route=%2Fwp%2Fv2%2Fcomments&post=9"}],"version-history":[{"count":9,"href":"https:\/\/heldrich-bauer.de\/index.php?rest_route=\/wp\/v2\/pages\/9\/revisions"}],"predecessor-version":[{"id":277,"href":"https:\/\/heldrich-bauer.de\/index.php?rest_route=\/wp\/v2\/pages\/9\/revisions\/277"}],"wp:attachment":[{"href":"https:\/\/heldrich-bauer.de\/index.php?rest_route=%2Fwp%2Fv2%2Fmedia&parent=9"}],"curies":[{"name":"wp","href":"https:\/\/api.w.org\/{rel}","templated":true}]}}