{"id":85,"date":"2020-03-26T14:34:20","date_gmt":"2020-03-26T14:34:20","guid":{"rendered":"http:\/\/heldrich-bauer.de\/?page_id=85"},"modified":"2021-06-23T13:17:51","modified_gmt":"2021-06-23T13:17:51","slug":"der-yogaraum","status":"publish","type":"page","link":"https:\/\/heldrich-bauer.de\/","title":{"rendered":"Der Yogaraum"},"content":{"rendered":"\n<blockquote class=\"wp-block-quote is-layout-flow wp-block-quote-is-layout-flow\"><p>&#8222;<em>Yoga ver\u00e4ndert Geist und K\u00f6rper. Es erzieht zu Klarheit und Genauigkeit im Denken und Handeln. Es kr\u00e4ftigt die Gesundheit. Dar\u00fcber hinaus lehrt es dich Wissen und Weisheit und vor allem: Geduld, Ruhe und Bescheidenheit.<\/em>&#8222;<\/p><cite>B.K.S Iyengar<\/cite><\/blockquote>\n\n\n\n<figure class=\"wp-block-gallery columns-3 is-cropped wp-block-gallery-1 is-layout-flex wp-block-gallery-is-layout-flex\"><ul class=\"blocks-gallery-grid\"><li class=\"blocks-gallery-item\"><figure><img loading=\"lazy\" decoding=\"async\" width=\"1024\" height=\"864\" src=\"http:\/\/heldrich-bauer.de\/wp-content\/uploads\/2021\/04\/29A2297-1024x864.jpg\" alt=\"\" data-id=\"154\" data-full-url=\"http:\/\/heldrich-bauer.de\/wp-content\/uploads\/2021\/04\/29A2297-scaled.jpg\" data-link=\"http:\/\/heldrich-bauer.de\/?attachment_id=154#main\" class=\"wp-image-154\" srcset=\"https:\/\/heldrich-bauer.de\/wp-content\/uploads\/2021\/04\/29A2297-1024x864.jpg 1024w, https:\/\/heldrich-bauer.de\/wp-content\/uploads\/2021\/04\/29A2297-300x253.jpg 300w, https:\/\/heldrich-bauer.de\/wp-content\/uploads\/2021\/04\/29A2297-768x648.jpg 768w, https:\/\/heldrich-bauer.de\/wp-content\/uploads\/2021\/04\/29A2297-1536x1295.jpg 1536w, https:\/\/heldrich-bauer.de\/wp-content\/uploads\/2021\/04\/29A2297-2048x1727.jpg 2048w\" sizes=\"auto, (max-width: 1024px) 100vw, 1024px\" \/><\/figure><\/li><li class=\"blocks-gallery-item\"><figure><img loading=\"lazy\" decoding=\"async\" width=\"768\" height=\"768\" src=\"http:\/\/heldrich-bauer.de\/wp-content\/uploads\/2020\/03\/29A2389.jpg\" alt=\"\" data-id=\"56\" data-full-url=\"http:\/\/heldrich-bauer.de\/wp-content\/uploads\/2020\/03\/29A2389.jpg\" data-link=\"http:\/\/heldrich-bauer.de\/?attachment_id=56#main\" class=\"wp-image-56\" srcset=\"https:\/\/heldrich-bauer.de\/wp-content\/uploads\/2020\/03\/29A2389.jpg 768w, https:\/\/heldrich-bauer.de\/wp-content\/uploads\/2020\/03\/29A2389-150x150.jpg 150w, https:\/\/heldrich-bauer.de\/wp-content\/uploads\/2020\/03\/29A2389-300x300.jpg 300w\" sizes=\"auto, (max-width: 768px) 100vw, 768px\" \/><\/figure><\/li><li class=\"blocks-gallery-item\"><figure><img loading=\"lazy\" decoding=\"async\" width=\"1024\" height=\"683\" src=\"http:\/\/heldrich-bauer.de\/wp-content\/uploads\/2021\/04\/29A2351-1024x683.jpg\" alt=\"\" data-id=\"240\" data-full-url=\"http:\/\/heldrich-bauer.de\/wp-content\/uploads\/2021\/04\/29A2351.jpg\" data-link=\"http:\/\/heldrich-bauer.de\/?attachment_id=240#main\" class=\"wp-image-240\" srcset=\"https:\/\/heldrich-bauer.de\/wp-content\/uploads\/2021\/04\/29A2351-1024x683.jpg 1024w, https:\/\/heldrich-bauer.de\/wp-content\/uploads\/2021\/04\/29A2351-300x200.jpg 300w, https:\/\/heldrich-bauer.de\/wp-content\/uploads\/2021\/04\/29A2351-768x512.jpg 768w, https:\/\/heldrich-bauer.de\/wp-content\/uploads\/2021\/04\/29A2351-1536x1024.jpg 1536w, https:\/\/heldrich-bauer.de\/wp-content\/uploads\/2021\/04\/29A2351.jpg 1920w\" sizes=\"auto, (max-width: 1024px) 100vw, 1024px\" \/><\/figure><\/li><li class=\"blocks-gallery-item\"><figure><img loading=\"lazy\" decoding=\"async\" width=\"768\" height=\"768\" src=\"http:\/\/heldrich-bauer.de\/wp-content\/uploads\/2020\/03\/IMG-20180517-WA0027.jpg\" alt=\"\" data-id=\"53\" data-full-url=\"http:\/\/heldrich-bauer.de\/wp-content\/uploads\/2020\/03\/IMG-20180517-WA0027.jpg\" data-link=\"http:\/\/heldrich-bauer.de\/?attachment_id=53#main\" class=\"wp-image-53\" srcset=\"https:\/\/heldrich-bauer.de\/wp-content\/uploads\/2020\/03\/IMG-20180517-WA0027.jpg 768w, https:\/\/heldrich-bauer.de\/wp-content\/uploads\/2020\/03\/IMG-20180517-WA0027-150x150.jpg 150w, https:\/\/heldrich-bauer.de\/wp-content\/uploads\/2020\/03\/IMG-20180517-WA0027-300x300.jpg 300w\" sizes=\"auto, (max-width: 768px) 100vw, 768px\" \/><\/figure><\/li><li class=\"blocks-gallery-item\"><figure><img loading=\"lazy\" decoding=\"async\" width=\"683\" height=\"1024\" src=\"http:\/\/heldrich-bauer.de\/wp-content\/uploads\/2021\/04\/29A2453-683x1024.jpg\" alt=\"\" data-id=\"169\" data-full-url=\"http:\/\/heldrich-bauer.de\/wp-content\/uploads\/2021\/04\/29A2453-rotated.jpg\" data-link=\"http:\/\/heldrich-bauer.de\/?attachment_id=169#main\" class=\"wp-image-169\" srcset=\"https:\/\/heldrich-bauer.de\/wp-content\/uploads\/2021\/04\/29A2453-683x1024.jpg 683w, https:\/\/heldrich-bauer.de\/wp-content\/uploads\/2021\/04\/29A2453-200x300.jpg 200w, https:\/\/heldrich-bauer.de\/wp-content\/uploads\/2021\/04\/29A2453-768x1152.jpg 768w, https:\/\/heldrich-bauer.de\/wp-content\/uploads\/2021\/04\/29A2453-1024x1536.jpg 1024w, https:\/\/heldrich-bauer.de\/wp-content\/uploads\/2021\/04\/29A2453-rotated.jpg 1280w\" sizes=\"auto, (max-width: 683px) 100vw, 683px\" \/><\/figure><\/li><li class=\"blocks-gallery-item\"><figure><img loading=\"lazy\" decoding=\"async\" width=\"1024\" height=\"683\" src=\"http:\/\/heldrich-bauer.de\/wp-content\/uploads\/2021\/04\/29A2300-1024x683.jpg\" alt=\"\" data-id=\"167\" data-full-url=\"http:\/\/heldrich-bauer.de\/wp-content\/uploads\/2021\/04\/29A2300.jpg\" data-link=\"http:\/\/heldrich-bauer.de\/?attachment_id=167#main\" class=\"wp-image-167\" srcset=\"https:\/\/heldrich-bauer.de\/wp-content\/uploads\/2021\/04\/29A2300-1024x683.jpg 1024w, https:\/\/heldrich-bauer.de\/wp-content\/uploads\/2021\/04\/29A2300-300x200.jpg 300w, https:\/\/heldrich-bauer.de\/wp-content\/uploads\/2021\/04\/29A2300-768x512.jpg 768w, https:\/\/heldrich-bauer.de\/wp-content\/uploads\/2021\/04\/29A2300-1536x1024.jpg 1536w, https:\/\/heldrich-bauer.de\/wp-content\/uploads\/2021\/04\/29A2300.jpg 1920w\" sizes=\"auto, (max-width: 1024px) 100vw, 1024px\" \/><\/figure><\/li><li class=\"blocks-gallery-item\"><figure><img loading=\"lazy\" decoding=\"async\" width=\"1024\" height=\"768\" src=\"http:\/\/heldrich-bauer.de\/wp-content\/uploads\/2021\/04\/20180312_190356-1024x768.jpg\" alt=\"\" data-id=\"234\" data-full-url=\"http:\/\/heldrich-bauer.de\/wp-content\/uploads\/2021\/04\/20180312_190356-scaled.jpg\" data-link=\"http:\/\/heldrich-bauer.de\/?attachment_id=234#main\" class=\"wp-image-234\" srcset=\"https:\/\/heldrich-bauer.de\/wp-content\/uploads\/2021\/04\/20180312_190356-1024x768.jpg 1024w, https:\/\/heldrich-bauer.de\/wp-content\/uploads\/2021\/04\/20180312_190356-300x225.jpg 300w, https:\/\/heldrich-bauer.de\/wp-content\/uploads\/2021\/04\/20180312_190356-768x576.jpg 768w, https:\/\/heldrich-bauer.de\/wp-content\/uploads\/2021\/04\/20180312_190356-1536x1152.jpg 1536w, https:\/\/heldrich-bauer.de\/wp-content\/uploads\/2021\/04\/20180312_190356-2048x1536.jpg 2048w\" sizes=\"auto, (max-width: 1024px) 100vw, 1024px\" \/><\/figure><\/li><li class=\"blocks-gallery-item\"><figure><img loading=\"lazy\" decoding=\"async\" width=\"1024\" height=\"768\" src=\"http:\/\/heldrich-bauer.de\/wp-content\/uploads\/2021\/04\/20180312_190241-1024x768.jpg\" alt=\"\" data-id=\"235\" data-full-url=\"http:\/\/heldrich-bauer.de\/wp-content\/uploads\/2021\/04\/20180312_190241-scaled.jpg\" data-link=\"http:\/\/heldrich-bauer.de\/?attachment_id=235#main\" class=\"wp-image-235\" srcset=\"https:\/\/heldrich-bauer.de\/wp-content\/uploads\/2021\/04\/20180312_190241-1024x768.jpg 1024w, https:\/\/heldrich-bauer.de\/wp-content\/uploads\/2021\/04\/20180312_190241-300x225.jpg 300w, https:\/\/heldrich-bauer.de\/wp-content\/uploads\/2021\/04\/20180312_190241-768x576.jpg 768w, https:\/\/heldrich-bauer.de\/wp-content\/uploads\/2021\/04\/20180312_190241-1536x1152.jpg 1536w, https:\/\/heldrich-bauer.de\/wp-content\/uploads\/2021\/04\/20180312_190241-2048x1536.jpg 2048w\" sizes=\"auto, (max-width: 1024px) 100vw, 1024px\" \/><\/figure><\/li><li class=\"blocks-gallery-item\"><figure><img loading=\"lazy\" decoding=\"async\" width=\"768\" height=\"768\" src=\"http:\/\/heldrich-bauer.de\/wp-content\/uploads\/2020\/03\/Front_web.jpg\" alt=\"\" data-id=\"52\" data-full-url=\"http:\/\/heldrich-bauer.de\/wp-content\/uploads\/2020\/03\/Front_web.jpg\" data-link=\"http:\/\/heldrich-bauer.de\/?attachment_id=52#main\" class=\"wp-image-52\" srcset=\"https:\/\/heldrich-bauer.de\/wp-content\/uploads\/2020\/03\/Front_web.jpg 768w, https:\/\/heldrich-bauer.de\/wp-content\/uploads\/2020\/03\/Front_web-150x150.jpg 150w, https:\/\/heldrich-bauer.de\/wp-content\/uploads\/2020\/03\/Front_web-300x300.jpg 300w\" sizes=\"auto, (max-width: 768px) 100vw, 768px\" \/><\/figure><\/li><\/ul><\/figure>\n\n\n\n<p>Ruhiger, heller Raum f\u00fcr Yoga mit Blick auf den Bergstein in Neustadt an der Weinstra\u00dfe<\/p>\n","protected":false},"excerpt":{"rendered":"<p>&#8222;Yoga ver\u00e4ndert Geist und K\u00f6rper. Es erzieht zu Klarheit und Genauigkeit im Denken und Handeln. Es kr\u00e4ftigt die Gesundheit. [&hellip;]<\/p>\n","protected":false},"author":1,"featured_media":0,"parent":0,"menu_order":0,"comment_status":"closed","ping_status":"closed","template":"","meta":{"footnotes":""},"class_list":["post-85","page","type-page","status-publish","hentry"],"yoast_head":"<!-- This site is optimized with the Yoast SEO plugin v27.5 - https:\/\/yoast.com\/product\/yoast-seo-wordpress\/ -->\n<title>Der Yogaraum - Der Yogaraum<\/title>\n<meta name=\"description\" content=\"Der Yogaraum in Neustadt an der Weinstra\u00dfe von Christa Heldrich-Bauer. Regelm\u00e4\u00dfige Kurse nach telefonischer Absprache. Hatha Yoga Iyengar Yoga. Qi Gong.\" \/>\n<meta name=\"robots\" content=\"index, follow, max-snippet:-1, max-image-preview:large, max-video-preview:-1\" \/>\n<link rel=\"canonical\" href=\"http:\/\/heldrich-bauer.de\/\" \/>\n<meta property=\"og:locale\" content=\"de_DE\" \/>\n<meta property=\"og:type\" content=\"article\" \/>\n<meta property=\"og:title\" content=\"Der Yogaraum - Der Yogaraum\" \/>\n<meta property=\"og:description\" content=\"Der Yogaraum in Neustadt an der Weinstra\u00dfe von Christa Heldrich-Bauer. Regelm\u00e4\u00dfige Kurse nach telefonischer Absprache. Hatha Yoga Iyengar Yoga. Qi Gong.\" \/>\n<meta property=\"og:url\" content=\"http:\/\/heldrich-bauer.de\/\" \/>\n<meta property=\"og:site_name\" content=\"Der Yogaraum\" \/>\n<meta property=\"article:modified_time\" content=\"2021-06-23T13:17:51+00:00\" \/>\n<meta property=\"og:image\" content=\"http:\/\/heldrich-bauer.de\/wp-content\/uploads\/2021\/04\/29A2297-1024x864.jpg\" \/>\n<meta name=\"twitter:card\" content=\"summary_large_image\" \/>\n<meta name=\"twitter:label1\" content=\"Gesch\u00e4tzte Lesezeit\" \/>\n\t<meta name=\"twitter:data1\" content=\"3\u00a0Minuten\" \/>\n<script type=\"application\/ld+json\" class=\"yoast-schema-graph\">{\"@context\":\"https:\\\/\\\/schema.org\",\"@graph\":[{\"@type\":\"WebPage\",\"@id\":\"http:\\\/\\\/heldrich-bauer.de\\\/\",\"url\":\"http:\\\/\\\/heldrich-bauer.de\\\/\",\"name\":\"Der Yogaraum - Der Yogaraum\",\"isPartOf\":{\"@id\":\"http:\\\/\\\/heldrich-bauer.de\\\/#website\"},\"primaryImageOfPage\":{\"@id\":\"http:\\\/\\\/heldrich-bauer.de\\\/#primaryimage\"},\"image\":{\"@id\":\"http:\\\/\\\/heldrich-bauer.de\\\/#primaryimage\"},\"thumbnailUrl\":\"http:\\\/\\\/heldrich-bauer.de\\\/wp-content\\\/uploads\\\/2021\\\/04\\\/29A2297-1024x864.jpg\",\"datePublished\":\"2020-03-26T14:34:20+00:00\",\"dateModified\":\"2021-06-23T13:17:51+00:00\",\"description\":\"Der Yogaraum in Neustadt an der Weinstra\u00dfe von Christa Heldrich-Bauer. Regelm\u00e4\u00dfige Kurse nach telefonischer Absprache. Hatha Yoga Iyengar Yoga. Qi Gong.\",\"breadcrumb\":{\"@id\":\"http:\\\/\\\/heldrich-bauer.de\\\/#breadcrumb\"},\"inLanguage\":\"de\",\"potentialAction\":[{\"@type\":\"ReadAction\",\"target\":[\"http:\\\/\\\/heldrich-bauer.de\\\/\"]}]},{\"@type\":\"ImageObject\",\"inLanguage\":\"de\",\"@id\":\"http:\\\/\\\/heldrich-bauer.de\\\/#primaryimage\",\"url\":\"http:\\\/\\\/heldrich-bauer.de\\\/wp-content\\\/uploads\\\/2021\\\/04\\\/29A2297-1024x864.jpg\",\"contentUrl\":\"http:\\\/\\\/heldrich-bauer.de\\\/wp-content\\\/uploads\\\/2021\\\/04\\\/29A2297-1024x864.jpg\"},{\"@type\":\"BreadcrumbList\",\"@id\":\"http:\\\/\\\/heldrich-bauer.de\\\/#breadcrumb\",\"itemListElement\":[{\"@type\":\"ListItem\",\"position\":1,\"name\":\"Startseite\",\"item\":\"http:\\\/\\\/heldrich-bauer.de\\\/\"},{\"@type\":\"ListItem\",\"position\":2,\"name\":\"Der Yogaraum\"}]},{\"@type\":\"WebSite\",\"@id\":\"http:\\\/\\\/heldrich-bauer.de\\\/#website\",\"url\":\"http:\\\/\\\/heldrich-bauer.de\\\/\",\"name\":\"Der Yogaraum\",\"description\":\"Christa Heldrich-Bauer\",\"potentialAction\":[{\"@type\":\"SearchAction\",\"target\":{\"@type\":\"EntryPoint\",\"urlTemplate\":\"http:\\\/\\\/heldrich-bauer.de\\\/?s={search_term_string}\"},\"query-input\":{\"@type\":\"PropertyValueSpecification\",\"valueRequired\":true,\"valueName\":\"search_term_string\"}}],\"inLanguage\":\"de\"}]}<\/script>\n<!-- \/ Yoast SEO plugin. -->","yoast_head_json":{"title":"Der Yogaraum - Der Yogaraum","description":"Der Yogaraum in Neustadt an der Weinstra\u00dfe von Christa Heldrich-Bauer. Regelm\u00e4\u00dfige Kurse nach telefonischer Absprache. Hatha Yoga Iyengar Yoga. Qi Gong.","robots":{"index":"index","follow":"follow","max-snippet":"max-snippet:-1","max-image-preview":"max-image-preview:large","max-video-preview":"max-video-preview:-1"},"canonical":"http:\/\/heldrich-bauer.de\/","og_locale":"de_DE","og_type":"article","og_title":"Der Yogaraum - Der Yogaraum","og_description":"Der Yogaraum in Neustadt an der Weinstra\u00dfe von Christa Heldrich-Bauer. Regelm\u00e4\u00dfige Kurse nach telefonischer Absprache. Hatha Yoga Iyengar Yoga. Qi Gong.","og_url":"http:\/\/heldrich-bauer.de\/","og_site_name":"Der Yogaraum","article_modified_time":"2021-06-23T13:17:51+00:00","og_image":[{"url":"http:\/\/heldrich-bauer.de\/wp-content\/uploads\/2021\/04\/29A2297-1024x864.jpg","type":"","width":"","height":""}],"twitter_card":"summary_large_image","twitter_misc":{"Gesch\u00e4tzte Lesezeit":"3\u00a0Minuten"},"schema":{"@context":"https:\/\/schema.org","@graph":[{"@type":"WebPage","@id":"http:\/\/heldrich-bauer.de\/","url":"http:\/\/heldrich-bauer.de\/","name":"Der Yogaraum - Der Yogaraum","isPartOf":{"@id":"http:\/\/heldrich-bauer.de\/#website"},"primaryImageOfPage":{"@id":"http:\/\/heldrich-bauer.de\/#primaryimage"},"image":{"@id":"http:\/\/heldrich-bauer.de\/#primaryimage"},"thumbnailUrl":"http:\/\/heldrich-bauer.de\/wp-content\/uploads\/2021\/04\/29A2297-1024x864.jpg","datePublished":"2020-03-26T14:34:20+00:00","dateModified":"2021-06-23T13:17:51+00:00","description":"Der Yogaraum in Neustadt an der Weinstra\u00dfe von Christa Heldrich-Bauer. Regelm\u00e4\u00dfige Kurse nach telefonischer Absprache. Hatha Yoga Iyengar Yoga. Qi Gong.","breadcrumb":{"@id":"http:\/\/heldrich-bauer.de\/#breadcrumb"},"inLanguage":"de","potentialAction":[{"@type":"ReadAction","target":["http:\/\/heldrich-bauer.de\/"]}]},{"@type":"ImageObject","inLanguage":"de","@id":"http:\/\/heldrich-bauer.de\/#primaryimage","url":"http:\/\/heldrich-bauer.de\/wp-content\/uploads\/2021\/04\/29A2297-1024x864.jpg","contentUrl":"http:\/\/heldrich-bauer.de\/wp-content\/uploads\/2021\/04\/29A2297-1024x864.jpg"},{"@type":"BreadcrumbList","@id":"http:\/\/heldrich-bauer.de\/#breadcrumb","itemListElement":[{"@type":"ListItem","position":1,"name":"Startseite","item":"http:\/\/heldrich-bauer.de\/"},{"@type":"ListItem","position":2,"name":"Der Yogaraum"}]},{"@type":"WebSite","@id":"http:\/\/heldrich-bauer.de\/#website","url":"http:\/\/heldrich-bauer.de\/","name":"Der Yogaraum","description":"Christa Heldrich-Bauer","potentialAction":[{"@type":"SearchAction","target":{"@type":"EntryPoint","urlTemplate":"http:\/\/heldrich-bauer.de\/?s={search_term_string}"},"query-input":{"@type":"PropertyValueSpecification","valueRequired":true,"valueName":"search_term_string"}}],"inLanguage":"de"}]}},"_links":{"self":[{"href":"https:\/\/heldrich-bauer.de\/index.php?rest_route=\/wp\/v2\/pages\/85","targetHints":{"allow":["GET"]}}],"collection":[{"href":"https:\/\/heldrich-bauer.de\/index.php?rest_route=\/wp\/v2\/pages"}],"about":[{"href":"https:\/\/heldrich-bauer.de\/index.php?rest_route=\/wp\/v2\/types\/page"}],"author":[{"embeddable":true,"href":"https:\/\/heldrich-bauer.de\/index.php?rest_route=\/wp\/v2\/users\/1"}],"replies":[{"embeddable":true,"href":"https:\/\/heldrich-bauer.de\/index.php?rest_route=%2Fwp%2Fv2%2Fcomments&post=85"}],"version-history":[{"count":13,"href":"https:\/\/heldrich-bauer.de\/index.php?rest_route=\/wp\/v2\/pages\/85\/revisions"}],"predecessor-version":[{"id":282,"href":"https:\/\/heldrich-bauer.de\/index.php?rest_route=\/wp\/v2\/pages\/85\/revisions\/282"}],"wp:attachment":[{"href":"https:\/\/heldrich-bauer.de\/index.php?rest_route=%2Fwp%2Fv2%2Fmedia&parent=85"}],"curies":[{"name":"wp","href":"https:\/\/api.w.org\/{rel}","templated":true}]}}