{"id":7,"date":"2020-03-25T09:50:08","date_gmt":"2020-03-25T09:50:08","guid":{"rendered":"http:\/\/heldrich-bauer.de\/?page_id=7"},"modified":"2021-06-23T13:13:52","modified_gmt":"2021-06-23T13:13:52","slug":"mein-yogastil","status":"publish","type":"page","link":"https:\/\/heldrich-bauer.de\/?page_id=7","title":{"rendered":"Mein Yogastil"},"content":{"rendered":"\n<p>Ich unterrichte prim\u00e4r klassischen <strong>Hat\u1dc2ha Yoga<\/strong>, lasse mich jedoch von unterschiedlichen Stilen vor allem der Praxis <strong>nach B.K.S. Iyengar<\/strong> inspirieren. <\/p>\n\n\n\n<p><strong>Iyengar-<\/strong> <strong>Yoga&nbsp;<\/strong> <strong>&nbsp;&nbsp;&nbsp;&nbsp;&nbsp;&nbsp;&nbsp;&nbsp;&nbsp;&nbsp;&nbsp;&nbsp;&nbsp;&nbsp;&nbsp;&nbsp;&nbsp;&nbsp;&nbsp;&nbsp;&nbsp;&nbsp;&nbsp;&nbsp;&nbsp;&nbsp;&nbsp;&nbsp;&nbsp;&nbsp;&nbsp;&nbsp;&nbsp;&nbsp;&nbsp;&nbsp;&nbsp;&nbsp;&nbsp;&nbsp;&nbsp;&nbsp;&nbsp;&nbsp;&nbsp;&nbsp;&nbsp;&nbsp;&nbsp;&nbsp;&nbsp;&nbsp;&nbsp;&nbsp;&nbsp;&nbsp;&nbsp;&nbsp;&nbsp;&nbsp;&nbsp;&nbsp;&nbsp;&nbsp;&nbsp;&nbsp;&nbsp;&nbsp;&nbsp;&nbsp;&nbsp;&nbsp;&nbsp;&nbsp;&nbsp;&nbsp;&nbsp;&nbsp;&nbsp;&nbsp;&nbsp;&nbsp;&nbsp;&nbsp;&nbsp;&nbsp;&nbsp;&nbsp;&nbsp;&nbsp;&nbsp;&nbsp;&nbsp;&nbsp;&nbsp;&nbsp;&nbsp;&nbsp;&nbsp;&nbsp;&nbsp;&nbsp;&nbsp;&nbsp;&nbsp;&nbsp;&nbsp;&nbsp;&nbsp;&nbsp;&nbsp;&nbsp;&nbsp;&nbsp;&nbsp; &nbsp;&nbsp;&nbsp;&nbsp;&nbsp;&nbsp;&nbsp;&nbsp;&nbsp;<\/strong><\/p>\n\n\n\n<p>Der Inder B.K.S. Iyengar entwickelte eine <strong>kraftvolle<\/strong>, <strong>dynamische <\/strong>und fordernde Art des Hat\u1dc2ha-Yoga. Der Schwerpunkt des \u00dcbens liegt auf exakt ausgef\u00fchrten <strong>K\u00f6rperhaltungen<\/strong>. Typisch ist die Verwendung von <strong>Hilfsmitteln<\/strong>, wie z.B. Gurte, Kl\u00f6tze, B\u00e4nkchen, Seile, usw.<br>Gelernt wird aber auch ohne Hilfsmittel auszukommen. <strong>\u201eBody is my first prop\u201c<\/strong> B.K.S.Iyengar&nbsp;.<br>Die Yogapraxis beginnt beim \u00c4u\u00dferen und wirkt mit zunehmender \u00dcbung auf das Innere des Menschen.<\/p>\n\n\n\n<p><strong>Die Hauptelemente des Hat\u1dc2ha-Yoga sind:&nbsp;&nbsp;&nbsp;<\/strong>&nbsp;<\/p>\n\n\n\n<p><strong>1.K\u00f6rperhaltungen (\u0100sana)&nbsp;&nbsp;&nbsp;&nbsp;&nbsp;&nbsp;&nbsp;&nbsp;&nbsp;&nbsp;&nbsp;&nbsp;&nbsp;&nbsp;&nbsp;&nbsp;&nbsp;&nbsp;&nbsp;&nbsp;&nbsp;&nbsp;&nbsp;&nbsp;&nbsp;&nbsp;&nbsp;&nbsp;&nbsp;&nbsp;&nbsp;&nbsp;&nbsp;&nbsp;&nbsp;&nbsp;&nbsp;&nbsp;&nbsp;&nbsp;&nbsp;&nbsp;&nbsp;&nbsp;&nbsp;&nbsp;&nbsp;&nbsp;&nbsp;&nbsp;&nbsp;&nbsp;&nbsp;&nbsp;&nbsp;&nbsp;&nbsp;&nbsp;&nbsp;&nbsp;&nbsp;&nbsp;&nbsp;&nbsp;&nbsp;&nbsp;&nbsp;&nbsp;&nbsp;&nbsp;&nbsp;&nbsp;&nbsp;&nbsp;&nbsp;&nbsp;&nbsp;&nbsp;&nbsp;&nbsp;&nbsp;&nbsp;&nbsp;&nbsp;&nbsp;&nbsp;&nbsp;&nbsp;&nbsp;&nbsp;&nbsp;&nbsp;&nbsp;&nbsp;&nbsp;&nbsp;&nbsp;&nbsp;&nbsp;&nbsp;&nbsp;&nbsp;&nbsp;&nbsp;&nbsp;&nbsp;&nbsp;&nbsp; <\/strong><\/p>\n\n\n\n<p>Folgende Bewegungsabl\u00e4ufe werden ge\u00fcbt:<br>Stehende Haltungen. Sie bilden das Fundament.<br>Vorw\u00e4rts-Streckungen, Drehungen, R\u00fcckw\u00e4rts-Streckungen, Umkehrhaltungen, Regenerative Haltungen, Sequenzen mit dynamischen Reihen, bekannt als Vinyasa Krama.<br>Durch variantenreiches \u00dcben wird die Selbstwahrnehmung vertieft. <\/p>\n\n\n\n<p><strong>2. Atem\u00fcbungen<\/strong> (Pr\u0101nay\u0101ma) Atemwahrnehmung, Vertiefung, Kultivierung und Lenkung von Pr\u0101na.<br><strong>3. Sammlung und Konzentration, Meditation <\/strong>(Pratya\u0342h\u00e3ra, Dh\u0101ra\u1e47a und Dhy\u00e3na).\u00a0Den Geist beruhigen. Einfach Dasein.<br><strong>4. Entspannung und Regeneration <\/strong><\/p>\n\n\n\n<p>Durch meine Ausbildung im Stillen Qi Gong flie\u00dfen die Taoistischen Elemente in die Yogapraxis mit ein. <br>Bei der Arbeit in kleinen Gruppen und durch die zur Verf\u00fcgung stehenden\u00a0Hilfsmittel ist eine individuelle Anleitung und Korrektur f\u00fcr jeden m\u00f6glich.<br>Hierbei kommt mir meine Berufserfahrung aus der Physiotherapie zugute. Zudem flie\u00dfen meine Selbsterfahrungen mit diversen Techniken aus u.a. der humanistischen psychotherapeutischen K\u00f6rperarbeit, Hakomi und Feldenkrais mit ein.<br>Meine Zielgruppe sind Menschen die sich ernsthaft f\u00fcr Leib-Arbeit und Bewusstseins-Arbeit interessieren, motiviert sind und eigenst\u00e4ndig die \u00dcbungen weiter praktizieren wollen. <br>Aufbauend auf \u0100sana und Atemarbeit werden Yoga\u00fcbende meditationsbereit.\u00a0\u00a0Angeleitete sowie freie Meditation ist eine wertvolle Methode, um k\u00f6rperlich und mental zur Ruhe zu kommen.<br>Yoga ist an keine religi\u00f6se \u00dcberzeugung gebunden.<\/p>\n","protected":false},"excerpt":{"rendered":"<p>Ich unterrichte prim\u00e4r klassischen Hat\u1dc2ha Yoga, lasse mich jedoch von unterschiedlichen Stilen vor allem der Praxis nach B.K.S. Iyengar [&hellip;]<\/p>\n","protected":false},"author":1,"featured_media":0,"parent":0,"menu_order":0,"comment_status":"closed","ping_status":"closed","template":"","meta":{"footnotes":""},"class_list":["post-7","page","type-page","status-publish","hentry"],"yoast_head":"<!-- This site is optimized with the Yoast SEO plugin v27.4 - https:\/\/yoast.com\/product\/yoast-seo-wordpress\/ -->\n<title>Mein Yogastil - Der Yogaraum<\/title>\n<meta name=\"robots\" content=\"index, follow, max-snippet:-1, max-image-preview:large, max-video-preview:-1\" \/>\n<link rel=\"canonical\" href=\"https:\/\/heldrich-bauer.de\/?page_id=7\" \/>\n<meta property=\"og:locale\" content=\"de_DE\" \/>\n<meta property=\"og:type\" content=\"article\" \/>\n<meta property=\"og:title\" content=\"Mein Yogastil - Der Yogaraum\" \/>\n<meta property=\"og:description\" content=\"Ich unterrichte prim\u00e4r klassischen Hat\u1dc2ha Yoga, lasse mich jedoch von unterschiedlichen Stilen vor allem der Praxis nach B.K.S. Iyengar [&hellip;]\" \/>\n<meta property=\"og:url\" content=\"https:\/\/heldrich-bauer.de\/?page_id=7\" \/>\n<meta property=\"og:site_name\" content=\"Der Yogaraum\" \/>\n<meta property=\"article:modified_time\" content=\"2021-06-23T13:13:52+00:00\" \/>\n<meta name=\"twitter:card\" content=\"summary_large_image\" \/>\n<meta name=\"twitter:label1\" content=\"Gesch\u00e4tzte Lesezeit\" \/>\n\t<meta name=\"twitter:data1\" content=\"2\u00a0Minuten\" \/>\n<script type=\"application\/ld+json\" class=\"yoast-schema-graph\">{\"@context\":\"https:\\\/\\\/schema.org\",\"@graph\":[{\"@type\":\"WebPage\",\"@id\":\"https:\\\/\\\/heldrich-bauer.de\\\/?page_id=7\",\"url\":\"https:\\\/\\\/heldrich-bauer.de\\\/?page_id=7\",\"name\":\"Mein Yogastil - Der Yogaraum\",\"isPartOf\":{\"@id\":\"https:\\\/\\\/heldrich-bauer.de\\\/#website\"},\"datePublished\":\"2020-03-25T09:50:08+00:00\",\"dateModified\":\"2021-06-23T13:13:52+00:00\",\"breadcrumb\":{\"@id\":\"https:\\\/\\\/heldrich-bauer.de\\\/?page_id=7#breadcrumb\"},\"inLanguage\":\"de\",\"potentialAction\":[{\"@type\":\"ReadAction\",\"target\":[\"https:\\\/\\\/heldrich-bauer.de\\\/?page_id=7\"]}]},{\"@type\":\"BreadcrumbList\",\"@id\":\"https:\\\/\\\/heldrich-bauer.de\\\/?page_id=7#breadcrumb\",\"itemListElement\":[{\"@type\":\"ListItem\",\"position\":1,\"name\":\"Startseite\",\"item\":\"https:\\\/\\\/heldrich-bauer.de\\\/\"},{\"@type\":\"ListItem\",\"position\":2,\"name\":\"Mein Yogastil\"}]},{\"@type\":\"WebSite\",\"@id\":\"https:\\\/\\\/heldrich-bauer.de\\\/#website\",\"url\":\"https:\\\/\\\/heldrich-bauer.de\\\/\",\"name\":\"Der Yogaraum\",\"description\":\"Christa Heldrich-Bauer\",\"potentialAction\":[{\"@type\":\"SearchAction\",\"target\":{\"@type\":\"EntryPoint\",\"urlTemplate\":\"https:\\\/\\\/heldrich-bauer.de\\\/?s={search_term_string}\"},\"query-input\":{\"@type\":\"PropertyValueSpecification\",\"valueRequired\":true,\"valueName\":\"search_term_string\"}}],\"inLanguage\":\"de\"}]}<\/script>\n<!-- \/ Yoast SEO plugin. -->","yoast_head_json":{"title":"Mein Yogastil - Der Yogaraum","robots":{"index":"index","follow":"follow","max-snippet":"max-snippet:-1","max-image-preview":"max-image-preview:large","max-video-preview":"max-video-preview:-1"},"canonical":"https:\/\/heldrich-bauer.de\/?page_id=7","og_locale":"de_DE","og_type":"article","og_title":"Mein Yogastil - Der Yogaraum","og_description":"Ich unterrichte prim\u00e4r klassischen Hat\u1dc2ha Yoga, lasse mich jedoch von unterschiedlichen Stilen vor allem der Praxis nach B.K.S. Iyengar [&hellip;]","og_url":"https:\/\/heldrich-bauer.de\/?page_id=7","og_site_name":"Der Yogaraum","article_modified_time":"2021-06-23T13:13:52+00:00","twitter_card":"summary_large_image","twitter_misc":{"Gesch\u00e4tzte Lesezeit":"2\u00a0Minuten"},"schema":{"@context":"https:\/\/schema.org","@graph":[{"@type":"WebPage","@id":"https:\/\/heldrich-bauer.de\/?page_id=7","url":"https:\/\/heldrich-bauer.de\/?page_id=7","name":"Mein Yogastil - Der Yogaraum","isPartOf":{"@id":"https:\/\/heldrich-bauer.de\/#website"},"datePublished":"2020-03-25T09:50:08+00:00","dateModified":"2021-06-23T13:13:52+00:00","breadcrumb":{"@id":"https:\/\/heldrich-bauer.de\/?page_id=7#breadcrumb"},"inLanguage":"de","potentialAction":[{"@type":"ReadAction","target":["https:\/\/heldrich-bauer.de\/?page_id=7"]}]},{"@type":"BreadcrumbList","@id":"https:\/\/heldrich-bauer.de\/?page_id=7#breadcrumb","itemListElement":[{"@type":"ListItem","position":1,"name":"Startseite","item":"https:\/\/heldrich-bauer.de\/"},{"@type":"ListItem","position":2,"name":"Mein Yogastil"}]},{"@type":"WebSite","@id":"https:\/\/heldrich-bauer.de\/#website","url":"https:\/\/heldrich-bauer.de\/","name":"Der Yogaraum","description":"Christa Heldrich-Bauer","potentialAction":[{"@type":"SearchAction","target":{"@type":"EntryPoint","urlTemplate":"https:\/\/heldrich-bauer.de\/?s={search_term_string}"},"query-input":{"@type":"PropertyValueSpecification","valueRequired":true,"valueName":"search_term_string"}}],"inLanguage":"de"}]}},"_links":{"self":[{"href":"https:\/\/heldrich-bauer.de\/index.php?rest_route=\/wp\/v2\/pages\/7","targetHints":{"allow":["GET"]}}],"collection":[{"href":"https:\/\/heldrich-bauer.de\/index.php?rest_route=\/wp\/v2\/pages"}],"about":[{"href":"https:\/\/heldrich-bauer.de\/index.php?rest_route=\/wp\/v2\/types\/page"}],"author":[{"embeddable":true,"href":"https:\/\/heldrich-bauer.de\/index.php?rest_route=\/wp\/v2\/users\/1"}],"replies":[{"embeddable":true,"href":"https:\/\/heldrich-bauer.de\/index.php?rest_route=%2Fwp%2Fv2%2Fcomments&post=7"}],"version-history":[{"count":14,"href":"https:\/\/heldrich-bauer.de\/index.php?rest_route=\/wp\/v2\/pages\/7\/revisions"}],"predecessor-version":[{"id":280,"href":"https:\/\/heldrich-bauer.de\/index.php?rest_route=\/wp\/v2\/pages\/7\/revisions\/280"}],"wp:attachment":[{"href":"https:\/\/heldrich-bauer.de\/index.php?rest_route=%2Fwp%2Fv2%2Fmedia&parent=7"}],"curies":[{"name":"wp","href":"https:\/\/api.w.org\/{rel}","templated":true}]}}